{"id":388218,"date":"2017-10-07T21:58:03","date_gmt":"2017-10-07T19:58:03","guid":{"rendered":"https:\/\/puravida-estate.com\/sol-de-mallorca\/"},"modified":"2024-06-05T21:09:20","modified_gmt":"2024-06-05T19:09:20","slug":"sol-de-mallorca","status":"publish","type":"page","link":"https:\/\/puravida-estate.com\/es\/sol-de-mallorca\/","title":{"rendered":"Sol de Mallorca"},"content":{"rendered":"<div class=\"wpb-content-wrapper\"><p>[vc_row][vc_column width=\u00bb1\/2&#8243;][vc_single_image image=\u00bb194&#8243; img_size=\u00bb540&#215;210&#8243;][\/vc_column][vc_column width=\u00bb1\/2&#8243;][vc_column_text]Palma de Mallorca, la \u00abPerla del Mediterr\u00e1neo\u00bb, es una ciudad muy vers\u00e1til y emocionante. Ya sea cultura, compras, relax, deportes, vida playera, vida nocturna o cualquier otra cosa que el visitante espere de una gran ciudad. Palma de Mallorca cumple todos los deseos&#8230;<br \/>\nLa capital de Mallorca est\u00e1 situada en la bah\u00eda de Badia de Palma, de 20 km de longitud. Vista desde el mar, la panor\u00e1mica de la ciudad parece el decorado de un teatro. La magn\u00edfica catedral de La Seu se divisa desde lejos. En Palma viven unas 400.000 personas, m\u00e1s de la mitad de la poblaci\u00f3n de Mallorca. Los palmesanos no s\u00f3lo viven del turismo. La administraci\u00f3n, los bancos, el aeropuerto y el puerto, as\u00ed como el comercio y la industria, ofrecen muchos puestos de trabajo.[\/vc_column_text][\/vc_column][\/vc_row][vc_row][vc_column width=\u00bb2\/3&#8243;]<div class=\"ult-spacer spacer-69d46501d400d\" data-id=\"69d46501d400d\" data-height=\"60\" data-height-mobile=\"60\" data-height-tab=\"60\" data-height-tab-portrait=\"\" data-height-mobile-landscape=\"\" style=\"clear:both;display:block;\"><\/div><div id=\"ultimate-heading-545269d46501d4077\" class=\"uvc-heading ult-adjust-bottom-margin ultimate-heading-545269d46501d4077 uvc-9311 \" data-hspacer=\"line_only\"  data-halign=\"center\" style=\"text-align:center\"><div class=\"uvc-main-heading ult-responsive\"  data-ultimate-target='.uvc-heading.ultimate-heading-545269d46501d4077 h2'  data-responsive-json-new='{\"font-size\":\"\",\"line-height\":\"\"}' ><h2 style=\"font-weight:normal;\">El mercado inmobiliario<\/h2><\/div><div class=\"uvc-heading-spacer line_only\" style=\"margin-top:5px;margin-bottom:5px;height:1px;\"><span class=\"uvc-headings-line\" style=\"border-style:solid;border-bottom-width:1px;border-color:#007bbe;width:300px;\"><\/span><\/div><div class=\"uvc-sub-heading ult-responsive\"  data-ultimate-target='.uvc-heading.ultimate-heading-545269d46501d4077 .uvc-sub-heading '  data-responsive-json-new='{\"font-size\":\"\",\"line-height\":\"\"}'  style=\"font-weight:normal;\">Campos de golf, vida nocturna y buenos precios<\/div><\/div><div class=\"ult-spacer spacer-69d46501d40e6\" data-id=\"69d46501d40e6\" data-height=\"15\" data-height-mobile=\"15\" data-height-tab=\"15\" data-height-tab-portrait=\"\" data-height-mobile-landscape=\"\" style=\"clear:both;display:block;\"><\/div>[vc_column_text]Palmas gro\u00dfartige Kathedrale aus dem 14. Jahrhundert ist unter dem Namen <em>La Seu<\/em> bekannt und als Wahrzeichen der mallorquinischen Hauptstadt ein absolutes Mu\u00df. Este impresionante edificio de arenisca dorada no tiene p\u00e9rdida: una de las estructuras g\u00f3ticas m\u00e1s altas de Europa, domina el <em>Parc de la Mar<\/em>, una vista \u00fanica para los que llegan por mar.<\/p>\n<p>[\/vc_column_text][vc_column_text]Esta catedral se construy\u00f3 en el emplazamiento de una mezquita que se alzaba junto al palacio real <em>La Almudaina<\/em> durante la dominaci\u00f3n \u00e1rabe. La historia de La Seu comenz\u00f3 cuando el rey Jaime I se dirig\u00eda a la isla: luchando contra un mar embravecido, su flota de barcos y marineros corr\u00edan gran peligro, el joven rey hizo el juramento de que construir\u00eda una enorme catedral si lograba expulsar las murallas de la isla. El \u00e9xito de su empresa iba a ser visible para todo el mundo.[\/vc_column_text][\/vc_column][vc_column width=\u00bb1\/3&#8243;][vc_raw_html]PGRpdiBpZD0ia3llcm8td2lkZ2V0Ij48L2Rpdj48c2NyaXB0IHR5cGU9InRleHQvamF2YXNjcmlwdCIgaWQ9Imt5ZXJvLXdpZGdldC1qcyIgc3JjPSJodHRwczovL2RhdGEtYXNzZXRzLmt5ZXJvLmNvbS93aWRnZXRzL2pzL2t5ZXJvLXdpZGdldC5qcyIgZGF0YS1sb2NhbGU9ImRlIiBkYXRhLWxvY2F0aW9uPSJjYWx2aWEiIGRhdGEtZWxlbWVudHM9ImhwaSx0cmFuc2FjdGlvbnMsc3Vuc2hpbmUscG9wdWxhdGlvbixhaXJwb3J0IiBhc3luYz48L3NjcmlwdD4=[\/vc_raw_html][\/vc_column][\/vc_row]<\/p>\n<\/div>","protected":false},"excerpt":{"rendered":"<p>[vc_row][vc_column width=\u00bb1\/2&#8243;][vc_single_image image=\u00bb194&#8243; img_size=\u00bb540&#215;210&#8243;][\/vc_column][vc_column width=\u00bb1\/2&#8243;][vc_column_text]Palma de Mallorca, la \u00abPerla del Mediterr\u00e1neo\u00bb, es una ciudad muy vers\u00e1til y emocionante. Ya sea cultura, compras, relax, deportes, vida playera, vida nocturna o cualquier otra cosa que el visitante espere de una gran ciudad. Palma de Mallorca cumple todos los deseos&#8230; La capital de Mallorca est\u00e1 situada en la bah\u00eda de Badia de Palma, de 20 km de &#8230;<\/p>\n","protected":false},"author":1,"featured_media":0,"parent":0,"menu_order":116,"comment_status":"closed","ping_status":"closed","template":"","meta":{"_seopress_robots_primary_cat":"","_seopress_titles_title":"Comprar una propiedad en Sol de Mallorca :: pura vida estate","_seopress_titles_desc":"Descubra Palma de Mallorca, una ciudad apasionante que ofrece cultura, deporte, vida nocturna y mucho m\u00e1s. Visita la impresionante Catedral de La Seu en la capital de Mallorca.","_seopress_robots_index":"","footnotes":""},"class_list":["post-388218","page","type-page","status-publish","hentry"],"_links":{"self":[{"href":"https:\/\/puravida-estate.com\/es\/wp-json\/wp\/v2\/pages\/388218","targetHints":{"allow":["GET"]}}],"collection":[{"href":"https:\/\/puravida-estate.com\/es\/wp-json\/wp\/v2\/pages"}],"about":[{"href":"https:\/\/puravida-estate.com\/es\/wp-json\/wp\/v2\/types\/page"}],"author":[{"embeddable":true,"href":"https:\/\/puravida-estate.com\/es\/wp-json\/wp\/v2\/users\/1"}],"replies":[{"embeddable":true,"href":"https:\/\/puravida-estate.com\/es\/wp-json\/wp\/v2\/comments?post=388218"}],"version-history":[{"count":0,"href":"https:\/\/puravida-estate.com\/es\/wp-json\/wp\/v2\/pages\/388218\/revisions"}],"wp:attachment":[{"href":"https:\/\/puravida-estate.com\/es\/wp-json\/wp\/v2\/media?parent=388218"}],"curies":[{"name":"wp","href":"https:\/\/api.w.org\/{rel}","templated":true}]}}