{"id":387975,"date":"2017-10-07T21:58:03","date_gmt":"2017-10-07T19:58:03","guid":{"rendered":"https:\/\/puravida-estate.com\/santa-catalina\/"},"modified":"2024-06-05T21:08:28","modified_gmt":"2024-06-05T19:08:28","slug":"santa-catalina","status":"publish","type":"page","link":"https:\/\/puravida-estate.com\/es\/santa-catalina\/","title":{"rendered":"Santa Catalina"},"content":{"rendered":"<div class=\"wpb-content-wrapper\"><p>[vc_row][vc_column width=\u00bb1\/2&#8243;][vc_single_image image=\u00bb338&#8243; img_size=\u00bb540&#215;210&#8243;][\/vc_column][vc_column width=\u00bb1\/2&#8243;][vc_column_text]Podr\u00eda decirse que uno de los rincones m\u00e1s bellos de Palma, situado al oeste del casco antiguo, es el incre\u00edblemente encantador barrio de Santa Catalina. Con un ambiente de pueblo, combina caracter\u00edsticas y estilos de vida antiguos y modernos.<br \/>\nBautizado con el nombre de un antiguo hospital (Santa Catalina), este antiguo pueblo de pescadores alberga en la actualidad numerosos peque\u00f1os restaurantes, bares y pubs.<br \/>\nLos edificios tradicionales de Santa Catalina encantan con sus fachadas de alegres colores, antiguas contraventanas de madera y peque\u00f1os balcones con plantas y flores.[\/vc_column_text][\/vc_column][\/vc_row][vc_row][vc_column width=\u00bb2\/3&#8243;]<div class=\"ult-spacer spacer-69f888aa50e5f\" data-id=\"69f888aa50e5f\" data-height=\"60\" data-height-mobile=\"60\" data-height-tab=\"60\" data-height-tab-portrait=\"\" data-height-mobile-landscape=\"\" style=\"clear:both;display:block;\"><\/div><div id=\"ultimate-heading-136969f888aa50eeb\" class=\"uvc-heading ult-adjust-bottom-margin ultimate-heading-136969f888aa50eeb uvc-5863 \" data-hspacer=\"line_only\"  data-halign=\"center\" style=\"text-align:center\"><div class=\"uvc-main-heading ult-responsive\"  data-ultimate-target='.uvc-heading.ultimate-heading-136969f888aa50eeb h2'  data-responsive-json-new='{\"font-size\":\"\",\"line-height\":\"\"}' ><h2 style=\"font-weight:normal;\">El mercado inmobiliario<\/h2><\/div><div class=\"uvc-heading-spacer line_only\" style=\"margin-top:5px;margin-bottom:5px;height:1px;\"><span class=\"uvc-headings-line\" style=\"border-style:solid;border-bottom-width:1px;border-color:#007bbe;width:300px;\"><\/span><\/div><div class=\"uvc-sub-heading ult-responsive\"  data-ultimate-target='.uvc-heading.ultimate-heading-136969f888aa50eeb .uvc-sub-heading '  data-responsive-json-new='{\"font-size\":\"\",\"line-height\":\"\"}'  style=\"font-weight:normal;\">Campos de golf, vida nocturna y buenos precios<\/div><\/div><div class=\"ult-spacer spacer-69f888aa50f8b\" data-id=\"69f888aa50f8b\" data-height=\"15\" data-height-mobile=\"15\" data-height-tab=\"15\" data-height-tab-portrait=\"\" data-height-mobile-landscape=\"\" style=\"clear:both;display:block;\"><\/div>[vc_column_text]En una ubicaci\u00f3n ideal directamente junto al mar y, sin embargo, a s\u00f3lo unos minutos del centro de Palma, todav\u00eda hay aqu\u00ed numerosas casas t\u00edpicas de una o dos plantas con bonitas terrazas y algunas incluso con peque\u00f1os jardines.<br \/>\nTodo ello hace de Santa Catalina probablemente el barrio m\u00e1s de moda y solicitado de Palma.[\/vc_column_text][vc_column_text]Mientras tanto, aqu\u00ed se venden numerosos pisos, \u00e1ticos y tambi\u00e9n adosados lujosamente restaurados. Santa Catalina, un lugar maravilloso para la gente que quiere estar justo en el pulso de la vida.[\/vc_column_text][\/vc_column][vc_column width=\u00bb1\/3&#8243;][vc_raw_html]PGRpdiBpZD0ia3llcm8td2lkZ2V0Ij48L2Rpdj4NCjxzY3JpcHQgdHlwZT0idGV4dC9qYXZhc2NyaXB0IiBpZD0ia3llcm8td2lkZ2V0LWpzIiBzcmM9Imh0dHBzOi8vZGF0YS1hc3NldHMua3llcm8uY29tL3dpZGdldHMvanMva3llcm8td2lkZ2V0LmpzIiBkYXRhLWxvY2FsZT0iZGUiIGRhdGEtbG9jYXRpb249InBhbG1hLWRlLW1hbGxvcmNhIiBkYXRhLWVsZW1lbnRzPSJocGksdHJhbnNhY3Rpb25zLHN1bnNoaW5lLHBvcHVsYXRpb24sYWlycG9ydCIgYXN5bmM+PC9zY3JpcHQ+[\/vc_raw_html][\/vc_column][\/vc_row]<\/p>\n<\/div>","protected":false},"excerpt":{"rendered":"<p>[vc_row][vc_column width=\u00bb1\/2&#8243;][vc_single_image image=\u00bb338&#8243; img_size=\u00bb540&#215;210&#8243;][\/vc_column][vc_column width=\u00bb1\/2&#8243;][vc_column_text]Podr\u00eda decirse que uno de los rincones m\u00e1s bellos de Palma, situado al oeste del casco antiguo, es el incre\u00edblemente encantador barrio de Santa Catalina. Con un ambiente de pueblo, combina caracter\u00edsticas y estilos de vida antiguos y modernos. Bautizado con el nombre de un antiguo hospital (Santa Catalina), este antiguo pueblo de pescadores alberga en la actualidad numerosos peque\u00f1os &#8230;<\/p>\n","protected":false},"author":1,"featured_media":0,"parent":0,"menu_order":115,"comment_status":"closed","ping_status":"closed","template":"","meta":{"_seopress_robots_primary_cat":"","_seopress_titles_title":"Comprar una propiedad en Santa Catalina, Palma :: pura vida estate","_seopress_titles_desc":"Descubra Santa Catalina, el barrio con m\u00e1s encanto de Palma. Disfruta de su ambiente de pueblo, sus coloridas fachadas y su animada oferta gastron\u00f3mica.","_seopress_robots_index":"","footnotes":""},"class_list":["post-387975","page","type-page","status-publish","hentry"],"_links":{"self":[{"href":"https:\/\/puravida-estate.com\/es\/wp-json\/wp\/v2\/pages\/387975","targetHints":{"allow":["GET"]}}],"collection":[{"href":"https:\/\/puravida-estate.com\/es\/wp-json\/wp\/v2\/pages"}],"about":[{"href":"https:\/\/puravida-estate.com\/es\/wp-json\/wp\/v2\/types\/page"}],"author":[{"embeddable":true,"href":"https:\/\/puravida-estate.com\/es\/wp-json\/wp\/v2\/users\/1"}],"replies":[{"embeddable":true,"href":"https:\/\/puravida-estate.com\/es\/wp-json\/wp\/v2\/comments?post=387975"}],"version-history":[{"count":0,"href":"https:\/\/puravida-estate.com\/es\/wp-json\/wp\/v2\/pages\/387975\/revisions"}],"wp:attachment":[{"href":"https:\/\/puravida-estate.com\/es\/wp-json\/wp\/v2\/media?parent=387975"}],"curies":[{"name":"wp","href":"https:\/\/api.w.org\/{rel}","templated":true}]}}