{"id":387606,"date":"2017-10-07T21:58:03","date_gmt":"2017-10-07T19:58:03","guid":{"rendered":"https:\/\/puravida-estate.com\/port-adriano\/"},"modified":"2024-06-05T21:05:28","modified_gmt":"2024-06-05T19:05:28","slug":"port-adriano","status":"publish","type":"page","link":"https:\/\/puravida-estate.com\/es\/port-adriano\/","title":{"rendered":"Port Adriano"},"content":{"rendered":"<div class=\"wpb-content-wrapper\"><p>[vc_row][vc_column width=\u00bb1\/2&#8243;][vc_single_image image=\u00bb194&#8243; img_size=\u00bb540&#215;210&#8243;][\/vc_column][vc_column width=\u00bb1\/2&#8243;][vc_column_text]Port Adriano liegt im S\u00fcdwesten Mallorcas, eine Gegend, die sich in den letzten Jahren konstant weiterentwickelt hat. Mit seiner Lage in dem St\u00e4dtchen <em>El Toro<\/em> (<em>der Stier<\/em>), ist diese Region in den letzten Jahren stark aufgewertet worden, unter anderem durch die Modernisierung des angrenzenden Nova Santa Ponsa mit seinem phantastischen Golfplatz . Die Neugestaltung des Hafens von Port Adriano wurde sehns\u00fcchtig erwartet, da es nicht nur auf Mallorca, sondern generell im Mittelmeerraum, nicht gen\u00fcgend gro\u00dfe Liegepl\u00e4tze.[\/vc_column_text][\/vc_column][\/vc_row][vc_row][vc_column width=\u00bb2\/3&#8243;]<div class=\"ult-spacer spacer-69fb11c06b726\" data-id=\"69fb11c06b726\" data-height=\"60\" data-height-mobile=\"60\" data-height-tab=\"60\" data-height-tab-portrait=\"\" data-height-mobile-landscape=\"\" style=\"clear:both;display:block;\"><\/div><div id=\"ultimate-heading-758669fb11c06b78e\" class=\"uvc-heading ult-adjust-bottom-margin ultimate-heading-758669fb11c06b78e uvc-2700 \" data-hspacer=\"line_only\"  data-halign=\"center\" style=\"text-align:center\"><div class=\"uvc-main-heading ult-responsive\"  data-ultimate-target='.uvc-heading.ultimate-heading-758669fb11c06b78e h2'  data-responsive-json-new='{\"font-size\":\"\",\"line-height\":\"\"}' ><h2 style=\"font-weight:normal;\">Uno de los puertos deportivos m\u00e1s modernos del Mediterr\u00e1neo<\/h2><\/div><div class=\"uvc-heading-spacer line_only\" style=\"margin-top:5px;margin-bottom:5px;height:1px;\"><span class=\"uvc-headings-line\" style=\"border-style:solid;border-bottom-width:1px;border-color:#007bbe;width:300px;\"><\/span><\/div><div class=\"uvc-sub-heading ult-responsive\"  data-ultimate-target='.uvc-heading.ultimate-heading-758669fb11c06b78e .uvc-sub-heading '  data-responsive-json-new='{\"font-size\":\"\",\"line-height\":\"\"}'  style=\"font-weight:normal;\">El puerto de Port Adriano est\u00e1 totalmente dedicado al lujo<\/div><\/div><div class=\"ult-spacer spacer-69fb11c06b7f7\" data-id=\"69fb11c06b7f7\" data-height=\"15\" data-height-mobile=\"15\" data-height-tab=\"15\" data-height-tab-portrait=\"\" data-height-mobile-landscape=\"\" style=\"clear:both;display:block;\"><\/div>[vc_column_text]Este lujoso puerto deportivo para superyates fue redise\u00f1ado en 2012 por el renombrado arquitecto franc\u00e9s Philippe Staeck para convertirse en uno de los m\u00e1s modernos del Mediterr\u00e1neo. La atenci\u00f3n al detalle de Staeck y su lujoso estilo caracter\u00edstico dan como resultado un centro comercial de inspiraci\u00f3n n\u00e1utica que combina a la perfecci\u00f3n con su entorno. La inusual iluminaci\u00f3n y los bolardos de dise\u00f1o elegante crean un ambiente encantador y de lujo.[\/vc_column_text][vc_column_text]Las propiedades de lujo construidas en Nova Santa Ponsa para apoyar la zona fueron compradas inmediatamente por inversores que esperaban obtener beneficios de la inversi\u00f3n de 90 millones de euros en Port Adriano. Esto signific\u00f3 que la zona estuvo muy tranquila durante unos a\u00f1os, ya que muchas de las casas estaban desocupadas. Sin embargo, cuando se termin\u00f3 el puerto, se produjeron cambios fundamentales: Las propiedades de Nova Santa Ponsa fueron vendidas por inversores y El Toro vuelve a estar mucho m\u00e1s concurrido, con buscadores de propiedades en busca de ofertas.[\/vc_column_text][\/vc_column][vc_column width=\u00bb1\/3&#8243;][vc_raw_html]PGRpdiBpZD0ia3llcm8td2lkZ2V0Ij48L2Rpdj4NCjxzY3JpcHQgdHlwZT0idGV4dC9qYXZhc2NyaXB0IiBpZD0ia3llcm8td2lkZ2V0LWpzIiBzcmM9Imh0dHBzOi8vZGF0YS1hc3NldHMua3llcm8uY29tL3dpZGdldHMvanMva3llcm8td2lkZ2V0LmpzIiBkYXRhLWxvY2FsZT0iZGUiIGRhdGEtbG9jYXRpb249ImNhbHZpYSIgZGF0YS1lbGVtZW50cz0iaHBpLHRyYW5zYWN0aW9ucyxzdW5zaGluZSxwb3B1bGF0aW9uLGFpcnBvcnQiIGFzeW5jPjwvc2NyaXB0Pg==[\/vc_raw_html][\/vc_column][\/vc_row]<\/p>\n<\/div>","protected":false},"excerpt":{"rendered":"<p>[vc_row][vc_column width=\u00bb1\/2&#8243;][vc_single_image image=\u00bb194&#8243; img_size=\u00bb540&#215;210&#8243;][\/vc_column][vc_column width=\u00bb1\/2&#8243;][vc_column_text]Port Adriano liegt im S\u00fcdwesten Mallorcas, eine Gegend, die sich in den letzten Jahren konstant weiterentwickelt hat. Mit seiner Lage in dem St\u00e4dtchen El Toro (der Stier), ist diese Region in den letzten Jahren stark aufgewertet worden, unter anderem durch die Modernisierung des angrenzenden Nova Santa Ponsa mit seinem phantastischen Golfplatz . Die Neugestaltung des Hafens von Port Adriano wurde &#8230;<\/p>\n","protected":false},"author":1,"featured_media":0,"parent":0,"menu_order":113,"comment_status":"closed","ping_status":"closed","template":"","meta":{"_seopress_robots_primary_cat":"","_seopress_titles_title":"Comprar una propiedad cerca de Port Adriano :: pura vida estate","_seopress_titles_desc":"Explore Port Adriano, el destino de lujo del suroeste de Mallorca. Con un moderno puerto deportivo, un exquisito campo de golf y propiedades de lujo. Perfecto para el viajero exigente.","_seopress_robots_index":"","footnotes":""},"class_list":["post-387606","page","type-page","status-publish","hentry"],"_links":{"self":[{"href":"https:\/\/puravida-estate.com\/es\/wp-json\/wp\/v2\/pages\/387606","targetHints":{"allow":["GET"]}}],"collection":[{"href":"https:\/\/puravida-estate.com\/es\/wp-json\/wp\/v2\/pages"}],"about":[{"href":"https:\/\/puravida-estate.com\/es\/wp-json\/wp\/v2\/types\/page"}],"author":[{"embeddable":true,"href":"https:\/\/puravida-estate.com\/es\/wp-json\/wp\/v2\/users\/1"}],"replies":[{"embeddable":true,"href":"https:\/\/puravida-estate.com\/es\/wp-json\/wp\/v2\/comments?post=387606"}],"version-history":[{"count":0,"href":"https:\/\/puravida-estate.com\/es\/wp-json\/wp\/v2\/pages\/387606\/revisions"}],"wp:attachment":[{"href":"https:\/\/puravida-estate.com\/es\/wp-json\/wp\/v2\/media?parent=387606"}],"curies":[{"name":"wp","href":"https:\/\/api.w.org\/{rel}","templated":true}]}}