{"id":387363,"date":"2017-10-07T21:58:03","date_gmt":"2017-10-07T19:58:03","guid":{"rendered":"https:\/\/puravida-estate.com\/santa-ponsa\/"},"modified":"2024-06-05T21:01:43","modified_gmt":"2024-06-05T19:01:43","slug":"santa-ponsa","status":"publish","type":"page","link":"https:\/\/puravida-estate.com\/es\/santa-ponsa\/","title":{"rendered":"Santa Ponsa"},"content":{"rendered":"<div class=\"wpb-content-wrapper\"><p>[vc_row][vc_column width=\u00bb1\/2&#8243;][vc_single_image image=\u00bb100&#8243; img_size=\u00bb540&#215;210&#8243;][\/vc_column][vc_column width=\u00bb1\/2&#8243;][vc_column_text]El popular centro de vacaciones del suroeste de la isla, con sus dos grandes playas de arena, ofrece todo lo necesario para unas t\u00edpicas vacaciones de verano. Las calles y los paseos est\u00e1n dise\u00f1ados con esmero, hay una gran selecci\u00f3n de boutiques y tiendas para ir de compras y pasear, y todos los s\u00e1bados se celebra un tradicional mercado semanal.<br \/>\nEl centro de la ciudad tiene un hermoso tel\u00f3n de fondo de monta\u00f1as y bosques, y hay numerosos parques naturales y espacios verdes alrededor de la ciudad. A pocos minutos a pie del centro hay un pintoresco puerto deportivo.\u00a0Los aficionados al golf y a los yates se sentir\u00e1n como en casa en Santa Ponsa.[\/vc_column_text][\/vc_column][\/vc_row][vc_row][vc_column width=\u00bb2\/3&#8243;]<div class=\"ult-spacer spacer-69d465447e2bc\" data-id=\"69d465447e2bc\" data-height=\"60\" data-height-mobile=\"60\" data-height-tab=\"60\" data-height-tab-portrait=\"\" data-height-mobile-landscape=\"\" style=\"clear:both;display:block;\"><\/div><div id=\"ultimate-heading-58769d465447e335\" class=\"uvc-heading ult-adjust-bottom-margin ultimate-heading-58769d465447e335 uvc-1510 \" data-hspacer=\"line_only\"  data-halign=\"center\" style=\"text-align:center\"><div class=\"uvc-main-heading ult-responsive\"  data-ultimate-target='.uvc-heading.ultimate-heading-58769d465447e335 h2'  data-responsive-json-new='{\"font-size\":\"\",\"line-height\":\"\"}' ><h2 style=\"font-weight:normal;margin-bottom:5px;\">El mercado inmobiliario<\/h2><\/div><div class=\"uvc-heading-spacer line_only\" style=\"margin-top: ;margin-bottom: ;height:1px;\"><span class=\"uvc-headings-line\" style=\"border-style:solid;border-bottom-width:1px;border-color:#007bbe;width:300px;\"><\/span><\/div><div class=\"uvc-sub-heading ult-responsive\"  data-ultimate-target='.uvc-heading.ultimate-heading-58769d465447e335 .uvc-sub-heading '  data-responsive-json-new='{\"font-size\":\"\",\"line-height\":\"\"}'  style=\"font-weight:normal;margin-bottom:20px;\">Campos de golf, vida nocturna y buenos precios<\/div><\/div><div class=\"ult-spacer spacer-69d465447e3a6\" data-id=\"69d465447e3a6\" data-height=\"15\" data-height-mobile=\"15\" data-height-tab=\"15\" data-height-tab-portrait=\"\" data-height-mobile-landscape=\"\" style=\"clear:both;display:block;\"><\/div>[vc_column_text]A primera vista, Santa Ponsa es un t\u00edpico centro tur\u00edstico familiar de vacaciones en la playa. Pero una mirada m\u00e1s atenta revela una gran riqueza de tesoros naturales y edificios hist\u00f3ricos. Tambi\u00e9n alberga algunas de las propiedades m\u00e1s lujosas de Mallorca.[\/vc_column_text][vc_column_text]Santa Ponsa tiene un ambiente internacional con una comunidad muy colorida. Cuenta con amplias zonas residenciales para residentes extranjeros y servicios \u00fatiles como bancos, colegios y supermercados.[\/vc_column_text][\/vc_column][vc_column width=\u00bb1\/3&#8243;][vc_raw_html]PGRpdiBpZD0ia3llcm8td2lkZ2V0Ij48L2Rpdj48c2NyaXB0IHR5cGU9InRleHQvamF2YXNjcmlwdCIgaWQ9Imt5ZXJvLXdpZGdldC1qcyIgc3JjPSJodHRwczovL2RhdGEtYXNzZXRzLmt5ZXJvLmNvbS93aWRnZXRzL2pzL2t5ZXJvLXdpZGdldC5qcyIgZGF0YS1sb2NhbGU9ImRlIiBkYXRhLWxvY2F0aW9uPSJjYWx2aWEiIGRhdGEtZWxlbWVudHM9ImhwaSx0cmFuc2FjdGlvbnMsc3Vuc2hpbmUscG9wdWxhdGlvbixhaXJwb3J0IiBhc3luYz48L3NjcmlwdD4=[\/vc_raw_html][\/vc_column][\/vc_row]<\/p>\n<\/div>","protected":false},"excerpt":{"rendered":"<p>[vc_row][vc_column width=\u00bb1\/2&#8243;][vc_single_image image=\u00bb100&#8243; img_size=\u00bb540&#215;210&#8243;][\/vc_column][vc_column width=\u00bb1\/2&#8243;][vc_column_text]El popular centro de vacaciones del suroeste de la isla, con sus dos grandes playas de arena, ofrece todo lo necesario para unas t\u00edpicas vacaciones de verano. Las calles y los paseos est\u00e1n dise\u00f1ados con esmero, hay una gran selecci\u00f3n de boutiques y tiendas para ir de compras y pasear, y todos los s\u00e1bados se celebra un tradicional mercado semanal. &#8230;<\/p>\n","protected":false},"author":1,"featured_media":0,"parent":0,"menu_order":112,"comment_status":"closed","ping_status":"closed","template":"","meta":{"_seopress_robots_primary_cat":"","_seopress_titles_title":"Propiedades en Santa Ponsa, Mallorca :: pura vida estate","_seopress_titles_desc":"Disfrute de unas t\u00edpicas vacaciones de verano en Santa Ponsa. Con sus grandes playas de arena, boutiques y un pintoresco puerto deportivo, \u00a1le espera una experiencia vacacional inigualable!","_seopress_robots_index":"","footnotes":""},"class_list":["post-387363","page","type-page","status-publish","hentry"],"_links":{"self":[{"href":"https:\/\/puravida-estate.com\/es\/wp-json\/wp\/v2\/pages\/387363","targetHints":{"allow":["GET"]}}],"collection":[{"href":"https:\/\/puravida-estate.com\/es\/wp-json\/wp\/v2\/pages"}],"about":[{"href":"https:\/\/puravida-estate.com\/es\/wp-json\/wp\/v2\/types\/page"}],"author":[{"embeddable":true,"href":"https:\/\/puravida-estate.com\/es\/wp-json\/wp\/v2\/users\/1"}],"replies":[{"embeddable":true,"href":"https:\/\/puravida-estate.com\/es\/wp-json\/wp\/v2\/comments?post=387363"}],"version-history":[{"count":0,"href":"https:\/\/puravida-estate.com\/es\/wp-json\/wp\/v2\/pages\/387363\/revisions"}],"wp:attachment":[{"href":"https:\/\/puravida-estate.com\/es\/wp-json\/wp\/v2\/media?parent=387363"}],"curies":[{"name":"wp","href":"https:\/\/api.w.org\/{rel}","templated":true}]}}