{"id":387057,"date":"2017-10-07T21:58:03","date_gmt":"2017-10-07T19:58:03","guid":{"rendered":"https:\/\/puravida-estate.com\/bendinat\/"},"modified":"2024-06-05T21:00:17","modified_gmt":"2024-06-05T19:00:17","slug":"bendinat","status":"publish","type":"page","link":"https:\/\/puravida-estate.com\/es\/bendinat\/","title":{"rendered":"Bendinat"},"content":{"rendered":"<div class=\"wpb-content-wrapper\"><p>[vc_row][vc_column width=\u00bb1\/2&#8243;][vc_single_image image=\u00bb99&#8243; img_size=\u00bb540&#215;210&#8243;][\/vc_column][vc_column width=\u00bb1\/2&#8243;][vc_column_text]La popular zona residencial de Bendinat est\u00e1 situada en la costa suroeste de Mallorca, a los pies de la Serra de na Burguesa y pertenece al municipio de Calvi\u00e1.<br \/>\nEn 1229, el rey Jaime de Arag\u00f3n acamp\u00f3 aqu\u00ed tras una cruenta batalla contra los moros. Seg\u00fan la leyenda, el nombre del pueblo proviene de algo que dijo el rey despu\u00e9s de comer en su tienda, \u00abBen dinat\u00bb, que significa \u00abbien alimentado\u00bb en catal\u00e1n.<br \/>\nEl castillo de Bendinat se construy\u00f3 entre 1855 y 1867. El III Marqu\u00e9s de la Romana, Pedro Caro, lo mand\u00f3 construir en estilo g\u00f3tico centroeuropeo. La finca, de 2.800 hect\u00e1reas, ha tenido desde entonces varios propietarios, entre ellos el Conde Montenegro. Todav\u00eda se puede ver el castillo desde lejos, pero sigue siendo una propiedad privada, por lo que no puede ser visitado por turistas.[\/vc_column_text][\/vc_column][\/vc_row][vc_row][vc_column width=\u00bb2\/3&#8243;]<div class=\"ult-spacer spacer-69fb11bfe4d51\" data-id=\"69fb11bfe4d51\" data-height=\"60\" data-height-mobile=\"60\" data-height-tab=\"60\" data-height-tab-portrait=\"\" data-height-mobile-landscape=\"\" style=\"clear:both;display:block;\"><\/div><div id=\"ultimate-heading-140769fb11bfe4dcc\" class=\"uvc-heading ult-adjust-bottom-margin ultimate-heading-140769fb11bfe4dcc uvc-180 \" data-hspacer=\"line_only\"  data-halign=\"center\" style=\"text-align:center\"><div class=\"uvc-main-heading ult-responsive\"  data-ultimate-target='.uvc-heading.ultimate-heading-140769fb11bfe4dcc h2'  data-responsive-json-new='{\"font-size\":\"\",\"line-height\":\"\"}' ><h2 style=\"font-weight:normal;\">Zona residencial popular<\/h2><\/div><div class=\"uvc-heading-spacer line_only\" style=\"margin-top:5px;margin-bottom:5px;height:1px;\"><span class=\"uvc-headings-line\" style=\"border-style:solid;border-bottom-width:1px;border-color:#007bbe;width:300px;\"><\/span><\/div><div class=\"uvc-sub-heading ult-responsive\"  data-ultimate-target='.uvc-heading.ultimate-heading-140769fb11bfe4dcc .uvc-sub-heading '  data-responsive-json-new='{\"font-size\":\"\",\"line-height\":\"\"}'  style=\"font-weight:normal;margin-bottom:20px;\">En una ubicaci\u00f3n costera privilegiada, a los pies de la Serra de na Burguesa<\/div><\/div><div class=\"ult-spacer spacer-69fb11bfe4e44\" data-id=\"69fb11bfe4e44\" data-height=\"15\" data-height-mobile=\"15\" data-height-tab=\"15\" data-height-tab-portrait=\"\" data-height-mobile-landscape=\"\" style=\"clear:both;display:block;\"><\/div>[vc_column_text]Una de las razones de la popularidad de la zona residencial de Bendinat es sin duda su privilegiada ubicaci\u00f3n costera, que contrasta con la impresionante Sierra de Tramuntana al fondo. Esta exclusiva ubicaci\u00f3n explica la cantidad de chalets y pisos de lujo que hay en la zona. El hecho de que tanto Palma como los conocidos centros tur\u00edsticos de Palmanova y Magaluf, as\u00ed como el popular Puerto Portals, se encuentren a poca distancia de all\u00ed, aumenta su atractivo.[\/vc_column_text][vc_column_text]Bendinat es muy conocido por su campo de golf especialmente bello, el Real Golf de Bendinat. El campo ofrece 18 hoyos y est\u00e1 situado justo en el coraz\u00f3n de la prestigiosa urbanizaci\u00f3n con sus villas de lujo. Situado en un pintoresco valle arbolado, el campo ofrece unas vistas impresionantes de los alrededores, especialmente desde el hoyo 9. El presidente honorario del club no es otro que el padre real espa\u00f1ol Juan Carlos.[\/vc_column_text][\/vc_column][vc_column width=\u00bb1\/3&#8243;][vc_raw_html]PGRpdiBpZD0ia3llcm8td2lkZ2V0Ij48L2Rpdj4NCjxzY3JpcHQgdHlwZT0idGV4dC9qYXZhc2NyaXB0IiBpZD0ia3llcm8td2lkZ2V0LWpzIiBzcmM9Imh0dHBzOi8vZGF0YS1hc3NldHMua3llcm8uY29tL3dpZGdldHMvanMva3llcm8td2lkZ2V0LmpzIiBkYXRhLWxvY2FsZT0iZGUiIGRhdGEtbG9jYXRpb249ImNhbHZpYSIgZGF0YS1lbGVtZW50cz0iaHBpLHRyYW5zYWN0aW9ucyxzdW5zaGluZSxwb3B1bGF0aW9uLGFpcnBvcnQiIGFzeW5jPjwvc2NyaXB0Pg==[\/vc_raw_html][\/vc_column][\/vc_row]<\/p>\n<\/div>","protected":false},"excerpt":{"rendered":"<p>[vc_row][vc_column width=\u00bb1\/2&#8243;][vc_single_image image=\u00bb99&#8243; img_size=\u00bb540&#215;210&#8243;][\/vc_column][vc_column width=\u00bb1\/2&#8243;][vc_column_text]La popular zona residencial de Bendinat est\u00e1 situada en la costa suroeste de Mallorca, a los pies de la Serra de na Burguesa y pertenece al municipio de Calvi\u00e1. En 1229, el rey Jaime de Arag\u00f3n acamp\u00f3 aqu\u00ed tras una cruenta batalla contra los moros. Seg\u00fan la leyenda, el nombre del pueblo proviene de algo que dijo el rey despu\u00e9s &#8230;<\/p>\n","protected":false},"author":1,"featured_media":0,"parent":0,"menu_order":110,"comment_status":"closed","ping_status":"closed","template":"","meta":{"_seopress_robots_primary_cat":"","_seopress_titles_title":"Propiedades en Bendinat, Mallorca :: pura vida estate","_seopress_titles_desc":"Descubra Bendinat, una codiciada zona residencial de Mallorca, conocida por sus lujosas villas, su magn\u00edfico campo de golf y su rica historia.","_seopress_robots_index":"","footnotes":""},"class_list":["post-387057","page","type-page","status-publish","hentry"],"_links":{"self":[{"href":"https:\/\/puravida-estate.com\/es\/wp-json\/wp\/v2\/pages\/387057","targetHints":{"allow":["GET"]}}],"collection":[{"href":"https:\/\/puravida-estate.com\/es\/wp-json\/wp\/v2\/pages"}],"about":[{"href":"https:\/\/puravida-estate.com\/es\/wp-json\/wp\/v2\/types\/page"}],"author":[{"embeddable":true,"href":"https:\/\/puravida-estate.com\/es\/wp-json\/wp\/v2\/users\/1"}],"replies":[{"embeddable":true,"href":"https:\/\/puravida-estate.com\/es\/wp-json\/wp\/v2\/comments?post=387057"}],"version-history":[{"count":0,"href":"https:\/\/puravida-estate.com\/es\/wp-json\/wp\/v2\/pages\/387057\/revisions"}],"wp:attachment":[{"href":"https:\/\/puravida-estate.com\/es\/wp-json\/wp\/v2\/media?parent=387057"}],"curies":[{"name":"wp","href":"https:\/\/api.w.org\/{rel}","templated":true}]}}