{"id":387056,"date":"2017-10-03T00:07:01","date_gmt":"2017-10-02T22:07:01","guid":{"rendered":"https:\/\/puravida-estate.com\/chalets-y-casas\/"},"modified":"2024-12-05T15:27:44","modified_gmt":"2024-12-05T14:27:44","slug":"chalets-y-casas","status":"publish","type":"page","link":"https:\/\/puravida-estate.com\/es\/chalets-y-casas\/","title":{"rendered":"Chalets y casas"},"content":{"rendered":"","protected":false},"excerpt":{"rendered":"","protected":false},"author":1,"featured_media":0,"parent":0,"menu_order":0,"comment_status":"closed","ping_status":"closed","template":"page-templates\/property_list.php","meta":{"_seopress_robots_primary_cat":"","_seopress_titles_title":"Comprar un chalet en Mallorca :: pura vida estate","_seopress_titles_desc":"\u00bfEst\u00e1 buscando la casa o chalet de sus sue\u00f1os en Mallorca? Tenemos la propiedad adecuada, y si no, nuestros agentes encontrar\u00e1n la adecuada para usted.","_seopress_robots_index":"","footnotes":""},"class_list":["post-387056","page","type-page","status-publish","hentry"],"_links":{"self":[{"href":"https:\/\/puravida-estate.com\/es\/wp-json\/wp\/v2\/pages\/387056","targetHints":{"allow":["GET"]}}],"collection":[{"href":"https:\/\/puravida-estate.com\/es\/wp-json\/wp\/v2\/pages"}],"about":[{"href":"https:\/\/puravida-estate.com\/es\/wp-json\/wp\/v2\/types\/page"}],"author":[{"embeddable":true,"href":"https:\/\/puravida-estate.com\/es\/wp-json\/wp\/v2\/users\/1"}],"replies":[{"embeddable":true,"href":"https:\/\/puravida-estate.com\/es\/wp-json\/wp\/v2\/comments?post=387056"}],"version-history":[{"count":0,"href":"https:\/\/puravida-estate.com\/es\/wp-json\/wp\/v2\/pages\/387056\/revisions"}],"wp:attachment":[{"href":"https:\/\/puravida-estate.com\/es\/wp-json\/wp\/v2\/media?parent=387056"}],"curies":[{"name":"wp","href":"https:\/\/api.w.org\/{rel}","templated":true}]}}