{"id":386752,"date":"2017-10-02T23:46:37","date_gmt":"2017-10-02T21:46:37","guid":{"rendered":"https:\/\/puravida-estate.com\/nuestro-equipo\/"},"modified":"2024-04-25T12:04:23","modified_gmt":"2024-04-25T10:04:23","slug":"nuestro-equipo","status":"publish","type":"page","link":"https:\/\/puravida-estate.com\/es\/nuestro-equipo\/","title":{"rendered":"Nuestro equipo"},"content":{"rendered":"<div class=\"wpb-content-wrapper\"><p>[vc_row][vc_column][vc_column_text]La compra de una propiedad suele ser una de las decisiones m\u00e1s importantes de la vida. Nosotros lo sabemos y estamos aqu\u00ed para ayudarle en esta decisi\u00f3n. Tenemos muchos a\u00f1os de experiencia en la venta de inmuebles y nos apasiona lo que hacemos: Conocemos el mercado regional al dedillo y le asesoramos de forma competente, fiable e individualizada en todas las cuestiones y preocupaciones relacionadas con la propiedad de sus sue\u00f1os.<\/p>\n<p>El cuidado y la pasi\u00f3n con que atendemos a nuestros clientes se refleja tambi\u00e9n en nuestro servicio para vendedores de inmuebles. Nos tomamos tiempo para usted y le acompa\u00f1amos en todas las fases del negocio inmobiliario.[\/vc_column_text][\/vc_column][\/vc_row]<\/p>\n<\/div>","protected":false},"excerpt":{"rendered":"<p>[vc_row][vc_column][vc_column_text]La compra de una propiedad suele ser una de las decisiones m\u00e1s importantes de la vida. Nosotros lo sabemos y estamos aqu\u00ed para ayudarle en esta decisi\u00f3n. Tenemos muchos a\u00f1os de experiencia en la venta de inmuebles y nos apasiona lo que hacemos: Conocemos el mercado regional al dedillo y le asesoramos de forma competente, fiable e individualizada en todas las cuestiones y preocupaciones &#8230;<\/p>\n","protected":false},"author":1,"featured_media":0,"parent":0,"menu_order":0,"comment_status":"closed","ping_status":"closed","template":"page-templates\/agents_list.php","meta":{"_seopress_robots_primary_cat":"","_seopress_titles_title":"Consultor inmobiliario con coraz\u00f3n y mente en pura vida estate","_seopress_titles_desc":"Con muchos a\u00f1os de experiencia y pasi\u00f3n, somos su socio de confianza en la venta de inmuebles. Un asesoramiento competente sobre el mercado regional es nuestra marca registrada.","_seopress_robots_index":"","footnotes":""},"class_list":["post-386752","page","type-page","status-publish","hentry"],"_links":{"self":[{"href":"https:\/\/puravida-estate.com\/es\/wp-json\/wp\/v2\/pages\/386752","targetHints":{"allow":["GET"]}}],"collection":[{"href":"https:\/\/puravida-estate.com\/es\/wp-json\/wp\/v2\/pages"}],"about":[{"href":"https:\/\/puravida-estate.com\/es\/wp-json\/wp\/v2\/types\/page"}],"author":[{"embeddable":true,"href":"https:\/\/puravida-estate.com\/es\/wp-json\/wp\/v2\/users\/1"}],"replies":[{"embeddable":true,"href":"https:\/\/puravida-estate.com\/es\/wp-json\/wp\/v2\/comments?post=386752"}],"version-history":[{"count":0,"href":"https:\/\/puravida-estate.com\/es\/wp-json\/wp\/v2\/pages\/386752\/revisions"}],"wp:attachment":[{"href":"https:\/\/puravida-estate.com\/es\/wp-json\/wp\/v2\/media?parent=386752"}],"curies":[{"name":"wp","href":"https:\/\/api.w.org\/{rel}","templated":true}]}}