{"id":385428,"date":"2017-10-03T00:06:15","date_gmt":"2017-10-02T22:06:15","guid":{"rendered":"https:\/\/puravida-estate.com\/aticos\/"},"modified":"2024-12-05T15:27:07","modified_gmt":"2024-12-05T14:27:07","slug":"aticos","status":"publish","type":"page","link":"https:\/\/puravida-estate.com\/es\/aticos\/","title":{"rendered":"\u00c1ticos"},"content":{"rendered":"","protected":false},"excerpt":{"rendered":"","protected":false},"author":1,"featured_media":0,"parent":0,"menu_order":0,"comment_status":"closed","ping_status":"closed","template":"page-templates\/property_list.php","meta":{"_seopress_robots_primary_cat":"","_seopress_titles_title":"Comprar un \u00e1tico en Mallorca :: pura vida estate","_seopress_titles_desc":"Descubra \u00e1ticos exclusivos en las mejores ubicaciones de Espa\u00f1a en Pura Vida Estate. Equipamiento de alta calidad y vistas \u00fanicas incluidas. \u00a1Vis\u00edtenos ahora!","_seopress_robots_index":"","footnotes":""},"class_list":["post-385428","page","type-page","status-publish","hentry"],"_links":{"self":[{"href":"https:\/\/puravida-estate.com\/es\/wp-json\/wp\/v2\/pages\/385428","targetHints":{"allow":["GET"]}}],"collection":[{"href":"https:\/\/puravida-estate.com\/es\/wp-json\/wp\/v2\/pages"}],"about":[{"href":"https:\/\/puravida-estate.com\/es\/wp-json\/wp\/v2\/types\/page"}],"author":[{"embeddable":true,"href":"https:\/\/puravida-estate.com\/es\/wp-json\/wp\/v2\/users\/1"}],"replies":[{"embeddable":true,"href":"https:\/\/puravida-estate.com\/es\/wp-json\/wp\/v2\/comments?post=385428"}],"version-history":[{"count":0,"href":"https:\/\/puravida-estate.com\/es\/wp-json\/wp\/v2\/pages\/385428\/revisions"}],"wp:attachment":[{"href":"https:\/\/puravida-estate.com\/es\/wp-json\/wp\/v2\/media?parent=385428"}],"curies":[{"name":"wp","href":"https:\/\/api.w.org\/{rel}","templated":true}]}}