{"id":384337,"date":"2017-12-10T21:11:04","date_gmt":"2017-12-10T20:11:04","guid":{"rendered":"https:\/\/puravida-estate.com\/apartamentos\/"},"modified":"2024-06-05T20:52:58","modified_gmt":"2024-06-05T18:52:58","slug":"apartamentos","status":"publish","type":"page","link":"https:\/\/puravida-estate.com\/es\/apartamentos\/","title":{"rendered":"Apartamentos"},"content":{"rendered":"","protected":false},"excerpt":{"rendered":"","protected":false},"author":1,"featured_media":0,"parent":0,"menu_order":0,"comment_status":"closed","ping_status":"closed","template":"page-templates\/property_list.php","meta":{"_seopress_robots_primary_cat":"","_seopress_titles_title":"Comprar pisos en Mallorca :: pura vida estate","_seopress_titles_desc":"Experimente el lujo. Compre el \u00e1tico, piso o apartamento de sus sue\u00f1os en Mallorca a trav\u00e9s de PuraVida Estate. Disfrute del mejor estilo de vida.","_seopress_robots_index":"","footnotes":""},"class_list":["post-384337","page","type-page","status-publish","hentry"],"_links":{"self":[{"href":"https:\/\/puravida-estate.com\/es\/wp-json\/wp\/v2\/pages\/384337","targetHints":{"allow":["GET"]}}],"collection":[{"href":"https:\/\/puravida-estate.com\/es\/wp-json\/wp\/v2\/pages"}],"about":[{"href":"https:\/\/puravida-estate.com\/es\/wp-json\/wp\/v2\/types\/page"}],"author":[{"embeddable":true,"href":"https:\/\/puravida-estate.com\/es\/wp-json\/wp\/v2\/users\/1"}],"replies":[{"embeddable":true,"href":"https:\/\/puravida-estate.com\/es\/wp-json\/wp\/v2\/comments?post=384337"}],"version-history":[{"count":0,"href":"https:\/\/puravida-estate.com\/es\/wp-json\/wp\/v2\/pages\/384337\/revisions"}],"wp:attachment":[{"href":"https:\/\/puravida-estate.com\/es\/wp-json\/wp\/v2\/media?parent=384337"}],"curies":[{"name":"wp","href":"https:\/\/api.w.org\/{rel}","templated":true}]}}